{"id":3644,"date":"2021-12-06T11:16:16","date_gmt":"2021-12-06T11:16:16","guid":{"rendered":"https:\/\/www.technix.it\/?page_id=3644"},"modified":"2025-07-31T09:34:29","modified_gmt":"2025-07-31T09:34:29","slug":"lavora-con-noi","status":"publish","type":"page","link":"https:\/\/www.technix.it\/it\/lavora-con-noi\/","title":{"rendered":"Lavora con noi"},"content":{"rendered":"<p>[et_pb_section fb_built=&#8221;1&#8243; fullwidth=&#8221;on&#8221; custom_padding_last_edited=&#8221;on|tablet&#8221; admin_label=&#8221;Section&#8221; _builder_version=&#8221;4.17.4&#8243; _module_preset=&#8221;default&#8221; background_image=&#8221;https:\/\/www.technix.it\/wp-content\/uploads\/2021\/10\/neutral-background-scaled.jpg&#8221; background_position=&#8221;top_right&#8221; custom_padding=&#8221;8vw||4vw||false|false&#8221; custom_padding_tablet=&#8221;16vw||||false|false&#8221; custom_padding_phone=&#8221;16vw||||false|false&#8221; da_disable_devices=&#8221;off|off|off&#8221; border_width_bottom=&#8221;1px&#8221; border_color_bottom=&#8221;rgba(0,0,0,0.1)&#8221; global_colors_info=&#8221;{}&#8221; da_is_popup=&#8221;off&#8221; da_exit_intent=&#8221;off&#8221; da_has_close=&#8221;on&#8221; da_alt_close=&#8221;off&#8221; da_dark_close=&#8221;off&#8221; da_not_modal=&#8221;on&#8221; da_is_singular=&#8221;off&#8221; da_with_loader=&#8221;off&#8221; da_has_shadow=&#8221;on&#8221;][et_pb_fullwidth_header title=&#8221;@ET-DC@eyJkeW5hbWljIjp0cnVlLCJjb250ZW50IjoicG9zdF90aXRsZSIsInNldHRpbmdzIjp7ImJlZm9yZSI6IiIsImFmdGVyIjoiIn19@&#8221; _builder_version=&#8221;4.16&#8243; _dynamic_attributes=&#8221;title&#8221; _module_preset=&#8221;default&#8221; title_font=&#8221;|||on|||||&#8221; title_text_color=&#8221;#666666&#8243; title_font_size=&#8221;45px&#8221; background_enable_color=&#8221;off&#8221; custom_padding=&#8221;0px||0px||true|false&#8221; global_colors_info=&#8221;{}&#8221;][\/et_pb_fullwidth_header][\/et_pb_section][et_pb_section fb_built=&#8221;1&#8243; admin_label=&#8221;Section&#8221; _builder_version=&#8221;4.16&#8243; custom_padding=&#8221;85px|0px|89px|0px|false|false&#8221; da_disable_devices=&#8221;off|off|off&#8221; border_width_bottom=&#8221;1px&#8221; border_color_bottom=&#8221;rgba(0,0,0,0.1)&#8221; global_colors_info=&#8221;{}&#8221; da_is_popup=&#8221;off&#8221; da_exit_intent=&#8221;off&#8221; da_has_close=&#8221;on&#8221; da_alt_close=&#8221;off&#8221; da_dark_close=&#8221;off&#8221; da_not_modal=&#8221;on&#8221; da_is_singular=&#8221;off&#8221; da_with_loader=&#8221;off&#8221; da_has_shadow=&#8221;on&#8221;][et_pb_row _builder_version=&#8221;4.16&#8243; animation_style=&#8221;slide&#8221; animation_duration=&#8221;1500ms&#8221; animation_delay=&#8221;500ms&#8221; global_colors_info=&#8221;{}&#8221;][et_pb_column type=&#8221;4_4&#8243; _builder_version=&#8221;4.16&#8243; custom_padding=&#8221;|||&#8221; global_colors_info=&#8221;{}&#8221; custom_padding__hover=&#8221;|||&#8221;][et_pb_text _builder_version=&#8221;4.21.0&#8243; text_font=&#8221;Rajdhani||||||||&#8221; text_text_color=&#8221;#000000&#8243; text_font_size=&#8221;18px&#8221; text_line_height=&#8221;1.8em&#8221; max_width_phone=&#8221;98%&#8221; max_width_last_edited=&#8221;off|desktop&#8221; custom_padding=&#8221;|||32px&#8221; border_width_left=&#8221;4px&#8221; border_color_left=&#8221;#e30718&#8243; global_colors_info=&#8221;{%22gcid-c072e190-a23d-4e75-b7cf-4fb084cb4b4e%22:%91%22border_color_left%22%93}&#8221;]<\/p>\n<p>Entra a fare parte della nostra squadra! Cerchiamo persone orientate all\u2019innovazione, appassionate e determinate.<\/p>\n<p>[\/et_pb_text][\/et_pb_column][\/et_pb_row][et_pb_row disabled_on=&#8221;on|on|on&#8221; _builder_version=&#8221;4.27.4&#8243; animation_style=&#8221;slide&#8221; animation_duration=&#8221;1500ms&#8221; animation_delay=&#8221;500ms&#8221; hover_enabled=&#8221;0&#8243; global_colors_info=&#8221;{}&#8221; disabled=&#8221;on&#8221; sticky_enabled=&#8221;0&#8243;][et_pb_column type=&#8221;4_4&#8243; _builder_version=&#8221;4.16&#8243; custom_padding=&#8221;|||&#8221; global_colors_info=&#8221;{}&#8221; custom_padding__hover=&#8221;|||&#8221;][et_pb_text _builder_version=&#8221;4.25.1&#8243; text_font=&#8221;Rajdhani||||||||&#8221; text_text_color=&#8221;#000000&#8243; text_font_size=&#8221;18px&#8221; text_line_height=&#8221;1.8em&#8221; max_width_phone=&#8221;98%&#8221; max_width_last_edited=&#8221;off|desktop&#8221; custom_padding=&#8221;|||32px&#8221; border_color_left=&#8221;#e30718&#8243; global_colors_info=&#8221;{%22gcid-c072e190-a23d-4e75-b7cf-4fb084cb4b4e%22:%91%22border_color_left%22%93}&#8221;]<\/p>\n<p style=\"text-align: justify;\"><span style=\"font-size: xx-large;\"><strong>COMMERCIALE ESTERO<\/strong><\/span><\/p>\n<p style=\"text-align: justify;\">Technix, societ\u00e0 nata nel 1981, \u00e8 oggi leader europeo nella produzione di dispositivi per la radiografia e la fluoroscopia. La qualit\u00e0 e la competitivit\u00e0 dei prodotti Technix hanno portato a numerose collaborazioni con aziende multinazionali operanti nel settore sanitario, nonch\u00e9 ad accordi di fornitura di dispositivi progettati e realizzati per soddisfare al meglio le esigenze dei clienti e degli utenti finali.<\/p>\n<p style=\"text-align: justify;\">La nostra realt\u00e0 \u00e8 al momento alla ricerca di una figura da inserire all\u2019interno dell\u2019Ufficio Commerciale con focus sui mercati esteri.<\/p>\n<p style=\"text-align: justify;\">Con la supervisione del Sales Manager, e in collaborazione con tutti i dipartimenti coinvolti, si occuper\u00e0 di curare e accrescere i rapporti commerciali concentrandosi prevalentemente sullo sviluppo dei rapporti commerciali per apertura nuovi mercati e consolidamento di quelli gi\u00e0 esistenti.<\/p>\n<p style=\"text-align: justify;\">\n<p style=\"text-align: justify;\"><strong>Principali responsabilit\u00e0<\/strong><\/p>\n<p style=\"text-align: justify;\">La persona che stiamo cercando ambiziosa, empatica, curiosa, determinata. Interfacciandosi con il responsabile commerciale, tecnico e acquisti si occuper\u00e0 di:<\/p>\n<ul style=\"text-align: justify;\">\n<li>Gestire e sviluppare relazioni con clienti esistenti e nuovi.<\/li>\n<li>Sviluppare piani per creare nuove partnership con Agenti e Distributori in nuovi mercati.<\/li>\n<li>Identificare e sfruttare opportunit\u00e0 di vendita per espandere il business.<\/li>\n<\/ul>\n<ul style=\"text-align: justify;\">\n<li>Presentare e promuovere i nostri prodotti\/servizi ai clienti internazionali.<\/li>\n<li>Collaborare con il team di vendita per definire strategie commerciali efficaci.<\/li>\n<\/ul>\n<p style=\"text-align: justify;\"><strong>Requisiti<\/strong><\/p>\n<ul style=\"text-align: justify;\">\n<li>Esperienza in vendite o posizioni orientate al cliente \u00e8 preferibile ma non essenziale.<\/li>\n<li>Eccellente padronanza dell&#8217;italiano e dell&#8217;inglese; la conoscenza di un\u2019altra lingua \u00e8 un valore aggiunto<\/li>\n<li>Forti capacit\u00e0 comunicative e interpersonali.<\/li>\n<li>Disponibilit\u00e0 a viaggiare per incontri con clienti e partecipazioni a fiere.<\/li>\n<li>Proattivit\u00e0 e flessibilit\u00e0<\/li>\n<\/ul>\n<p style=\"text-align: justify;\"><strong>Cosa offriamo<\/strong><\/p>\n<ul style=\"text-align: justify;\">\n<li>Assunzione finalizzata alla stipula di contratto a tempo indeterminato, CCNL metalmeccanico industria<\/li>\n<li>Una cultura aziendale collaborativa e inclusiva, in cui il lavoro di squadra e la comunicazione aperta sono fondamentali<\/li>\n<li>Possibilit\u00e0 di lavorare su progetti all&#8217;avanguardia nel campo della radiografia e della fluoroscopia<\/li>\n<li>Opportunit\u00e0 di collaborare con aziende e partner multinazionali, ampliando l&#8217;esperienza e la rete professionale<\/li>\n<\/ul>\n<p style=\"text-align: justify;\">\n<p style=\"text-align: justify;\"><em>\u00abLe persone interessate possono inviare la propria candidatura con autorizzazione ai sensi del dlgs. 196\/2003. La ricerca rispetta il d.lgs. 198\/2006 ed \u00e8 aperta a candidat* di qualsiasi orientamento o espressione di genere, orientamento sessuale, et\u00e0, etnia e credo religioso. Il presente annuncio \u00e8 stato ideato nel rispetto della diversity e dell\u2019inclusivit\u00e0\u00bb<\/em><\/p>\n<p>[\/et_pb_text][\/et_pb_column][\/et_pb_row][\/et_pb_section][et_pb_section fb_built=&#8221;1&#8243; disabled_on=&#8221;off|off|off&#8221; admin_label=&#8221;Section&#8221; module_id=&#8221;richiesta&#8221; _builder_version=&#8221;4.21.0&#8243; background_color=&#8221;#f8f8f8&#8243; background_image=&#8221;https:\/\/www.technix.it\/wp-content\/uploads\/2021\/10\/neutral-background-scaled.jpg&#8221; background_position=&#8221;top_right&#8221; custom_padding=&#8221;102px|0px|102px|0px|true|false&#8221; da_popup_slug=&#8221;richiesta&#8221; da_disable_devices=&#8221;off|off|off&#8221; global_colors_info=&#8221;{}&#8221; da_is_popup=&#8221;off&#8221; da_exit_intent=&#8221;off&#8221; da_has_close=&#8221;on&#8221; da_alt_close=&#8221;off&#8221; da_dark_close=&#8221;off&#8221; da_not_modal=&#8221;on&#8221; da_is_singular=&#8221;off&#8221; da_with_loader=&#8221;off&#8221; da_has_shadow=&#8221;on&#8221;][et_pb_row column_structure=&#8221;1_4,3_4&#8243; make_equal=&#8221;on&#8221; _builder_version=&#8221;4.21.0&#8243; custom_padding=&#8221;27px|0px|19px|0px|false|false&#8221; animation_style=&#8221;slide&#8221; animation_duration=&#8221;1500ms&#8221; animation_delay=&#8221;500ms&#8221; locked=&#8221;off&#8221; global_colors_info=&#8221;{}&#8221;][et_pb_column type=&#8221;1_4&#8243; _builder_version=&#8221;4.16&#8243; custom_padding=&#8221;|||&#8221; global_colors_info=&#8221;{}&#8221; custom_padding__hover=&#8221;|||&#8221;][et_pb_text _builder_version=&#8221;4.16&#8243; text_font=&#8221;Rajdhani|700||on|||||&#8221; text_text_color=&#8221;#000000&#8243; text_font_size=&#8221;28px&#8221; text_line_height=&#8221;1em&#8221; custom_padding=&#8221;14px|||&#8221; global_colors_info=&#8221;{}&#8221;]<\/p>\n<p>Richiedi posizione<\/p>\n<p>[\/et_pb_text][\/et_pb_column][et_pb_column type=&#8221;3_4&#8243; module_class=&#8221;iq-centra-verticale&#8221; _builder_version=&#8221;4.21.0&#8243; custom_padding=&#8221;|||32px|false|false&#8221; border_width_left=&#8221;4px&#8221; border_color_left=&#8221;#e30718&#8243; global_colors_info=&#8221;{}&#8221; custom_padding__hover=&#8221;|||&#8221;][et_pb_text _builder_version=&#8221;4.16&#8243; text_font=&#8221;Rajdhani||||||||&#8221; text_text_color=&#8221;#000000&#8243; text_font_size=&#8221;16px&#8221; text_line_height=&#8221;1.8em&#8221; max_width_phone=&#8221;98%&#8221; max_width_last_edited=&#8221;off|desktop&#8221; custom_padding=&#8221;||||false|false&#8221; global_colors_info=&#8221;{%22gcid-c072e190-a23d-4e75-b7cf-4fb084cb4b4e%22:%91%22border_color_left%22%93}&#8221;]<\/p>\n<p><span>Stai cercando una nuova opportunit\u00e0?<\/span><br \/><span>Scegli la posizione interessata, inviaci il tuo curriculum e candidati per il ruolo pi\u00f9 adatto.<\/span><\/p>\n<p>[\/et_pb_text][\/et_pb_column][\/et_pb_row][et_pb_row use_custom_gutter=&#8221;on&#8221; gutter_width=&#8221;2&#8243; make_equal=&#8221;on&#8221; _builder_version=&#8221;4.16&#8243; _module_preset=&#8221;default&#8221; custom_padding=&#8221;||0px||false|false&#8221; animation_style=&#8221;slide&#8221; animation_direction=&#8221;right&#8221; animation_duration=&#8221;1500ms&#8221; animation_delay=&#8221;500ms&#8221; global_colors_info=&#8221;{}&#8221;][et_pb_column type=&#8221;4_4&#8243; _builder_version=&#8221;4.16&#8243; _module_preset=&#8221;default&#8221; global_colors_info=&#8221;{}&#8221;][dsm_contact_form_7 cf7_library=&#8221;3646&#8243; show_validation=&#8221;on&#8221; input_background_color=&#8221;#FFFFFF&#8221; _builder_version=&#8221;4.21.0&#8243; _module_preset=&#8221;default&#8221; labels_font_size=&#8221;16px&#8221; input_textarea_select_font_size=&#8221;16px&#8221; placeholder_font_size=&#8221;16px&#8221; custom_button_one=&#8221;on&#8221; button_one_text_color=&#8221;#FFFFFF&#8221; border_width_all_image=&#8221;1px&#8221; border_color_all_image=&#8221;rgba(0,0,0,0.1)&#8221; global_colors_info=&#8221;{}&#8221;][\/dsm_contact_form_7][\/et_pb_column][\/et_pb_row][\/et_pb_section]<\/p>\n","protected":false},"excerpt":{"rendered":"<p>Entra a fare parte della nostra squadra! Cerchiamo persone orientate all\u2019innovazione, appassionate e determinate.COMMERCIALE ESTERO Technix, societ\u00e0 nata nel 1981, \u00e8 oggi leader europeo nella produzione di dispositivi per la radiografia e la fluoroscopia. La qualit\u00e0 e la competitivit\u00e0 dei prodotti Technix hanno portato a numerose collaborazioni con aziende multinazionali operanti nel settore sanitario, nonch\u00e9 ad accordi di fornitura di dispositivi progettati e realizzati per soddisfare al meglio le esigenze dei clienti e degli utenti finali. La nostra realt\u00e0 \u00e8 al momento alla ricerca di una figura da inserire all\u2019interno dell\u2019Ufficio Commerciale con focus sui mercati esteri. Con la supervisione del Sales Manager, e in collaborazione con tutti i dipartimenti coinvolti, si occuper\u00e0 di curare e accrescere i rapporti commerciali concentrandosi prevalentemente sullo sviluppo dei rapporti commerciali per apertura nuovi mercati e consolidamento di quelli gi\u00e0 esistenti. Principali responsabilit\u00e0 La persona che stiamo cercando ambiziosa, empatica, curiosa, determinata. Interfacciandosi con il responsabile commerciale, tecnico e acquisti si occuper\u00e0 di: Gestire e sviluppare relazioni con clienti esistenti e nuovi. Sviluppare piani per creare nuove partnership con Agenti e Distributori in nuovi mercati. Identificare e sfruttare opportunit\u00e0 di vendita per espandere il business. Presentare e promuovere i nostri prodotti\/servizi ai clienti internazionali. [&hellip;]<\/p>\n","protected":false},"author":1,"featured_media":0,"parent":0,"menu_order":0,"comment_status":"closed","ping_status":"closed","template":"","meta":{"_et_pb_use_builder":"on","_et_pb_old_content":"","_et_gb_content_width":"","footnotes":""},"class_list":["post-3644","page","type-page","status-publish","hentry"],"_links":{"self":[{"href":"https:\/\/www.technix.it\/it\/wp-json\/wp\/v2\/pages\/3644","targetHints":{"allow":["GET"]}}],"collection":[{"href":"https:\/\/www.technix.it\/it\/wp-json\/wp\/v2\/pages"}],"about":[{"href":"https:\/\/www.technix.it\/it\/wp-json\/wp\/v2\/types\/page"}],"author":[{"embeddable":true,"href":"https:\/\/www.technix.it\/it\/wp-json\/wp\/v2\/users\/1"}],"replies":[{"embeddable":true,"href":"https:\/\/www.technix.it\/it\/wp-json\/wp\/v2\/comments?post=3644"}],"version-history":[{"count":13,"href":"https:\/\/www.technix.it\/it\/wp-json\/wp\/v2\/pages\/3644\/revisions"}],"predecessor-version":[{"id":12729,"href":"https:\/\/www.technix.it\/it\/wp-json\/wp\/v2\/pages\/3644\/revisions\/12729"}],"wp:attachment":[{"href":"https:\/\/www.technix.it\/it\/wp-json\/wp\/v2\/media?parent=3644"}],"curies":[{"name":"wp","href":"https:\/\/api.w.org\/{rel}","templated":true}]}}