{"id":3681,"date":"2021-12-06T13:49:28","date_gmt":"2021-12-06T13:49:28","guid":{"rendered":"https:\/\/www.technix.it\/?page_id=3681"},"modified":"2022-07-05T15:07:58","modified_gmt":"2022-07-05T15:07:58","slug":"qualita","status":"publish","type":"page","link":"https:\/\/www.technix.it\/it\/azienda\/qualita\/","title":{"rendered":"Qualit\u00e0"},"content":{"rendered":"<p>[et_pb_section fb_built=&#8221;1&#8243; fullwidth=&#8221;on&#8221; _builder_version=&#8221;4.17.4&#8243; _module_preset=&#8221;default&#8221; background_image=&#8221;https:\/\/www.technix.it\/wp-content\/uploads\/2021\/10\/home-company-bkg.jpg&#8221; custom_padding=&#8221;8vw||4vw||false|false&#8221; hover_enabled=&#8221;0&#8243; da_disable_devices=&#8221;off|off|off&#8221; border_width_bottom=&#8221;1px&#8221; border_color_bottom=&#8221;rgba(0,0,0,0.1)&#8221; locked=&#8221;off&#8221; global_colors_info=&#8221;{}&#8221; custom_padding_last_edited=&#8221;on|tablet&#8221; sticky_enabled=&#8221;0&#8243; custom_padding_tablet=&#8221;16vw||||false|false&#8221; da_is_popup=&#8221;off&#8221; da_exit_intent=&#8221;off&#8221; da_has_close=&#8221;on&#8221; da_alt_close=&#8221;off&#8221; da_dark_close=&#8221;off&#8221; da_not_modal=&#8221;on&#8221; da_is_singular=&#8221;off&#8221; da_with_loader=&#8221;off&#8221; da_has_shadow=&#8221;on&#8221; custom_padding_phone=&#8221;16vw||||false|false&#8221;][et_pb_fullwidth_header title=&#8221;@ET-DC@eyJkeW5hbWljIjp0cnVlLCJjb250ZW50IjoicG9zdF90aXRsZSIsInNldHRpbmdzIjp7ImJlZm9yZSI6IiIsImFmdGVyIjoiIn19@&#8221; _builder_version=&#8221;4.16&#8243; _dynamic_attributes=&#8221;title&#8221; _module_preset=&#8221;default&#8221; title_font=&#8221;|||on|||||&#8221; title_text_color=&#8221;#FFFFFF&#8221; title_font_size=&#8221;45px&#8221; background_enable_color=&#8221;off&#8221; custom_padding=&#8221;0px||0px||true|false&#8221; global_colors_info=&#8221;{}&#8221;][\/et_pb_fullwidth_header][\/et_pb_section][et_pb_section fb_built=&#8221;1&#8243; _builder_version=&#8221;4.16&#8243; _module_preset=&#8221;default&#8221; custom_padding=&#8221;100px||100px||true|false&#8221; da_disable_devices=&#8221;off|off|off&#8221; border_width_bottom=&#8221;1px&#8221; border_color_bottom=&#8221;rgba(0,0,0,0.1)&#8221; global_colors_info=&#8221;{}&#8221; da_is_popup=&#8221;off&#8221; da_exit_intent=&#8221;off&#8221; da_has_close=&#8221;on&#8221; da_alt_close=&#8221;off&#8221; da_dark_close=&#8221;off&#8221; da_not_modal=&#8221;on&#8221; da_is_singular=&#8221;off&#8221; da_with_loader=&#8221;off&#8221; da_has_shadow=&#8221;on&#8221;][et_pb_row use_custom_gutter=&#8221;on&#8221; gutter_width=&#8221;2&#8243; _builder_version=&#8221;4.16&#8243; _module_preset=&#8221;default&#8221; custom_padding=&#8221;||0px|||&#8221; animation_style=&#8221;slide&#8221; animation_direction=&#8221;left&#8221; animation_duration=&#8221;1500ms&#8221; animation_delay=&#8221;500ms&#8221; global_colors_info=&#8221;{}&#8221;][et_pb_column type=&#8221;4_4&#8243; _builder_version=&#8221;4.16&#8243; _module_preset=&#8221;default&#8221; global_colors_info=&#8221;{}&#8221;][et_pb_text _builder_version=&#8221;4.16&#8243; text_font=&#8221;Rajdhani||||||||&#8221; text_text_color=&#8221;#000000&#8243; text_font_size=&#8221;18px&#8221; text_line_height=&#8221;1.8em&#8221; max_width_phone=&#8221;98%&#8221; max_width_last_edited=&#8221;off|desktop&#8221; custom_padding=&#8221;|||32px&#8221; border_width_left=&#8221;4px&#8221; border_color_left=&#8221;#e30718&#8243; global_colors_info=&#8221;{%22gcid-c072e190-a23d-4e75-b7cf-4fb084cb4b4e%22:%91%22border_color_left%22%93}&#8221;]Per Technix il riscontro dei propri clienti e partners che la scelgono ogni giorno \u00e8 la vera certificazione di qualit\u00e0. Tra i principali obiettivi di Technix vi \u00e8 il continuo aggiornamento ai nuovi standard e alle regolamentazioni internazionali, mantenendo parallelamente la soddisfazione del cliente e l\u2019adempienza alle norme attraverso una continua innovazione tecnologica.[\/et_pb_text][\/et_pb_column][\/et_pb_row][et_pb_row use_custom_gutter=&#8221;on&#8221; gutter_width=&#8221;2&#8243; _builder_version=&#8221;4.16&#8243; _module_preset=&#8221;default&#8221; custom_padding=&#8221;||0px|||&#8221; animation_style=&#8221;slide&#8221; animation_direction=&#8221;left&#8221; animation_duration=&#8221;1500ms&#8221; animation_delay=&#8221;500ms&#8221; global_colors_info=&#8221;{}&#8221;][et_pb_column type=&#8221;4_4&#8243; _builder_version=&#8221;4.16&#8243; _module_preset=&#8221;default&#8221; global_colors_info=&#8221;{}&#8221;][et_pb_text _builder_version=&#8221;4.16&#8243; _module_preset=&#8221;default&#8221; text_font_size=&#8221;16px&#8221; text_line_height=&#8221;1.8em&#8221; global_colors_info=&#8221;{}&#8221;]<\/p>\n<p>Le chiavi di accesso ai mercati globali sono competitivit\u00e0 e qualit\u00e0. L\u2019attenzione di Technix a questi cardini della strategia aziendale ha permesso la collaborazione con diverse prominenti realt\u00e0 multinazionali, stabilendo accordi di fornitura, su base OEM, di dispositivi progettati e prodotti in accordo ai requisiti richiesti dai committenti. Technix, per raggiungere questo risultato, promuove una politica di acquisizione di pacchetti di quote di partecipazione o, in alcuni casi, di controllo, di aziende fornitrici di componenti o pre-assemblati, garantendo cos\u00ec una migliore gestione dei costi, unitamente a una maggiore affidabilit\u00e0 e qualit\u00e0 delle forniture.<\/p>\n<p>[\/et_pb_text][\/et_pb_column][\/et_pb_row][et_pb_row column_structure=&#8221;1_2,1_2&#8243; use_custom_gutter=&#8221;on&#8221; gutter_width=&#8221;2&#8243; _builder_version=&#8221;4.16&#8243; _module_preset=&#8221;default&#8221; custom_padding=&#8221;||0px|||&#8221; animation_style=&#8221;slide&#8221; animation_direction=&#8221;left&#8221; animation_duration=&#8221;1500ms&#8221; animation_delay=&#8221;500ms&#8221; global_colors_info=&#8221;{}&#8221;][et_pb_column type=&#8221;1_2&#8243; _builder_version=&#8221;4.16&#8243; _module_preset=&#8221;default&#8221; global_colors_info=&#8221;{}&#8221;][et_pb_image src=&#8221;https:\/\/www.technix.it\/wp-content\/uploads\/2021\/12\/iso-9001-2015.png&#8221; align=&#8221;center&#8221; force_fullwidth=&#8221;on&#8221; _builder_version=&#8221;4.16&#8243; _module_preset=&#8221;default&#8221; global_colors_info=&#8221;{}&#8221;][\/et_pb_image][\/et_pb_column][et_pb_column type=&#8221;1_2&#8243; _builder_version=&#8221;4.16&#8243; _module_preset=&#8221;default&#8221; global_colors_info=&#8221;{}&#8221;][et_pb_image src=&#8221;https:\/\/www.technix.it\/wp-content\/uploads\/2021\/12\/iso-13485-2016.png&#8221; align=&#8221;center&#8221; force_fullwidth=&#8221;on&#8221; _builder_version=&#8221;4.16&#8243; _module_preset=&#8221;default&#8221; global_colors_info=&#8221;{}&#8221;][\/et_pb_image][\/et_pb_column][\/et_pb_row][et_pb_row use_custom_gutter=&#8221;on&#8221; gutter_width=&#8221;2&#8243; _builder_version=&#8221;4.16&#8243; _module_preset=&#8221;default&#8221; animation_style=&#8221;slide&#8221; animation_direction=&#8221;left&#8221; animation_duration=&#8221;1500ms&#8221; animation_delay=&#8221;500ms&#8221; global_colors_info=&#8221;{}&#8221;][et_pb_column type=&#8221;4_4&#8243; _builder_version=&#8221;4.16&#8243; _module_preset=&#8221;default&#8221; global_colors_info=&#8221;{}&#8221;][et_pb_text _builder_version=&#8221;4.16&#8243; _module_preset=&#8221;default&#8221; text_font_size=&#8221;16px&#8221; text_line_height=&#8221;1.8em&#8221; global_colors_info=&#8221;{}&#8221;]<\/p>\n<p>Consentendo a Technix una puntuale gestione e supervisione delle aree aziendali, tutti i processi sono governati da un pieno rispetto delle norme ISO 9001:2015 e ISO 13485:2016. Il risultato \u00e8 un sistema di gestione per la qualit\u00e0 integrato e fortemente improntato alla soddisfazione del cliente finale. Il costante aggiornamento ai pi\u00f9 recenti requisiti regolatori ha inoltre permesso a Technix di essere la prima azienda italiana ad ottenere, a luglio 2021, la certificazione di prodotto ai sensi del Regolamento (UE) 2017\/745 \u2013 MDR. Questo importante traguardo conferma l\u2019attenzione di Technix all\u2019ottenimento, e mantenimento, dei pi\u00f9 alti standard qualitativi del settore Medical Devices.<\/p>\n<p>[\/et_pb_text][\/et_pb_column][\/et_pb_row][\/et_pb_section]<\/p>\n","protected":false},"excerpt":{"rendered":"<p>Per Technix il riscontro dei propri clienti e partners che la scelgono ogni giorno \u00e8 la vera certificazione di qualit\u00e0. Tra i principali obiettivi di Technix vi \u00e8 il continuo aggiornamento ai nuovi standard e alle regolamentazioni internazionali, mantenendo parallelamente la soddisfazione del cliente e l\u2019adempienza alle norme attraverso una continua innovazione tecnologica.Le chiavi di accesso ai mercati globali sono competitivit\u00e0 e qualit\u00e0. L\u2019attenzione di Technix a questi cardini della strategia aziendale ha permesso la collaborazione con diverse prominenti realt\u00e0 multinazionali, stabilendo accordi di fornitura, su base OEM, di dispositivi progettati e prodotti in accordo ai requisiti richiesti dai committenti. Technix, per raggiungere questo risultato, promuove una politica di acquisizione di pacchetti di quote di partecipazione o, in alcuni casi, di controllo, di aziende fornitrici di componenti o pre-assemblati, garantendo cos\u00ec una migliore gestione dei costi, unitamente a una maggiore affidabilit\u00e0 e qualit\u00e0 delle forniture.Consentendo a Technix una puntuale gestione e supervisione delle aree aziendali, tutti i processi sono governati da un pieno rispetto delle norme ISO 9001:2015 e ISO 13485:2016. Il risultato \u00e8 un sistema di gestione per la qualit\u00e0 integrato e fortemente improntato alla soddisfazione del cliente finale. Il costante aggiornamento ai pi\u00f9 recenti requisiti regolatori ha inoltre [&hellip;]<\/p>\n","protected":false},"author":1,"featured_media":0,"parent":3608,"menu_order":0,"comment_status":"closed","ping_status":"closed","template":"","meta":{"_et_pb_use_builder":"on","_et_pb_old_content":"","_et_gb_content_width":"","footnotes":""},"class_list":["post-3681","page","type-page","status-publish","hentry"],"_links":{"self":[{"href":"https:\/\/www.technix.it\/it\/wp-json\/wp\/v2\/pages\/3681","targetHints":{"allow":["GET"]}}],"collection":[{"href":"https:\/\/www.technix.it\/it\/wp-json\/wp\/v2\/pages"}],"about":[{"href":"https:\/\/www.technix.it\/it\/wp-json\/wp\/v2\/types\/page"}],"author":[{"embeddable":true,"href":"https:\/\/www.technix.it\/it\/wp-json\/wp\/v2\/users\/1"}],"replies":[{"embeddable":true,"href":"https:\/\/www.technix.it\/it\/wp-json\/wp\/v2\/comments?post=3681"}],"version-history":[{"count":1,"href":"https:\/\/www.technix.it\/it\/wp-json\/wp\/v2\/pages\/3681\/revisions"}],"predecessor-version":[{"id":12109,"href":"https:\/\/www.technix.it\/it\/wp-json\/wp\/v2\/pages\/3681\/revisions\/12109"}],"up":[{"embeddable":true,"href":"https:\/\/www.technix.it\/it\/wp-json\/wp\/v2\/pages\/3608"}],"wp:attachment":[{"href":"https:\/\/www.technix.it\/it\/wp-json\/wp\/v2\/media?parent=3681"}],"curies":[{"name":"wp","href":"https:\/\/api.w.org\/{rel}","templated":true}]}}